{"id":644,"date":"2022-06-09T17:06:04","date_gmt":"2022-06-09T17:06:04","guid":{"rendered":"https:\/\/mymultihoster.org\/?page_id=644"},"modified":"2022-06-09T17:06:04","modified_gmt":"2022-06-09T17:06:04","slug":"help-us","status":"publish","type":"page","link":"https:\/\/mymultihoster.org\/de\/help-us\/","title":{"rendered":"Hilf uns"},"content":{"rendered":"Diese Seite zu betreiben kostet uns viel Zeit und auch etwas Geld. Durch Werbung und Affiliate verdienen wir nicht mal genug um die Kosten f\u00fcr Webhosting und Domain zu decken. Aus diesem Grund ist es f\u00fcr uns leider absolut nicht m\u00f6glich noch Accounts zum Testen zu finanzieren. Leider stellen nicht alle Multihoster Accounts zum Testen zur Verf\u00fcgung.<\/p>\n<p><strong>Wie kannst du also helfen?<\/strong><\/p>\n<p>Wir m\u00f6chten nicht um Geldspenden betteln, aber Account-Spenden sind immer willkommen. Wir verwenden deinen Account nat\u00fcrlich nur f\u00fcr ein paar Tests. Wenn du gerne einen Account zur Verf\u00fcgung stellen m\u00f6chtest, kannst du uns gerne per E-Mail kontaktieren: contact [at] mymultihoster.org.<\/p><div class=\"mymul-middle-content\" style=\"text-align: center;\" id=\"mymul-3509450018\"><div class=\"mymul-adlabel\">Werbung<\/div><a href=\"http:\/\/linksnappy.com\/?ref=294765\" target=\"_blank\"><img decoding=\"async\" src=\"https:\/\/mymultihoster.org\/wp-content\/uploads\/2020\/05\/linksnappy_06.gif\" border=\"0\" alt=\"Linksnappy.com\"\/><\/a><\/div>\n<p>Aktuell suchen wir insbesondere f\u00fcr folgende Multihoster einen Account:<\/p>\n<ul>\n<li>Real-Debrid.com &#8211; <em>hat nicht auf unsere Anfragen reagiert<\/em><\/li>\n<li>Premium.to &#8211; <em>m\u00f6chte keinen Testaccount zur Verf\u00fcgung stellen<\/em><\/li>\n<\/ul>","protected":false},"excerpt":{"rendered":"<div class=\"mh-excerpt\"><p>Diese Seite zu betreiben kostet uns viel Zeit und auch etwas Geld. Durch Werbung und Affiliate verdienen wir nicht mal genug um die Kosten f\u00fcr <a class=\"mh-excerpt-more\" href=\"https:\/\/mymultihoster.org\/de\/help-us\/\" title=\"Hilf uns\">[&#8230;]<\/a><\/p>\n<\/div>","protected":false},"author":1,"featured_media":0,"parent":0,"menu_order":0,"comment_status":"closed","ping_status":"closed","template":"","meta":{"footnotes":""},"class_list":["post-644","page","type-page","status-publish","hentry"],"wppr_data":{"cwp_meta_box_check":"No"},"yoast_head":"<!-- This site is optimized with the Yoast SEO plugin v25.8 - https:\/\/yoast.com\/wordpress\/plugins\/seo\/ -->\n<title>Hilf uns - MyMultiHoster.org<\/title>\n<meta name=\"robots\" content=\"index, follow, max-snippet:-1, max-image-preview:large, max-video-preview:-1\" \/>\n<link rel=\"canonical\" href=\"https:\/\/mymultihoster.org\/de\/help-us\/\" \/>\n<meta property=\"og:locale\" content=\"de_DE\" \/>\n<meta property=\"og:type\" content=\"article\" \/>\n<meta property=\"og:title\" content=\"Hilf uns - MyMultiHoster.org\" \/>\n<meta property=\"og:description\" content=\"Diese Seite zu betreiben kostet uns viel Zeit und auch etwas Geld. Durch Werbung und Affiliate verdienen wir nicht mal genug um die Kosten f\u00fcr [...]\" \/>\n<meta property=\"og:url\" content=\"https:\/\/mymultihoster.org\/de\/help-us\/\" \/>\n<meta property=\"og:site_name\" content=\"MyMultiHoster.org\" \/>\n<meta name=\"twitter:card\" content=\"summary_large_image\" \/>\n<meta name=\"twitter:label1\" content=\"Gesch\u00e4tzte Lesezeit\" \/>\n\t<meta name=\"twitter:data1\" content=\"1\u00a0Minute\" \/>\n<script type=\"application\/ld+json\" class=\"yoast-schema-graph\">{\"@context\":\"https:\/\/schema.org\",\"@graph\":[{\"@type\":\"WebPage\",\"@id\":\"https:\/\/mymultihoster.org\/de\/help-us\/\",\"url\":\"https:\/\/mymultihoster.org\/de\/help-us\/\",\"name\":\"Hilf uns - MyMultiHoster.org\",\"isPartOf\":{\"@id\":\"https:\/\/mymultihoster.org\/de\/#website\"},\"datePublished\":\"2022-06-09T17:06:04+00:00\",\"breadcrumb\":{\"@id\":\"https:\/\/mymultihoster.org\/de\/help-us\/#breadcrumb\"},\"inLanguage\":\"de\",\"potentialAction\":[{\"@type\":\"ReadAction\",\"target\":[[\"https:\/\/mymultihoster.org\/de\/help-us\/\"]]}]},{\"@type\":\"BreadcrumbList\",\"@id\":\"https:\/\/mymultihoster.org\/de\/help-us\/#breadcrumb\",\"itemListElement\":[{\"@type\":\"ListItem\",\"position\":1,\"name\":\"Home\",\"item\":\"https:\/\/mymultihoster.org\/de\/\"},{\"@type\":\"ListItem\",\"position\":2,\"name\":\"Help us\"}]},{\"@type\":\"WebSite\",\"@id\":\"https:\/\/mymultihoster.org\/de\/#website\",\"url\":\"https:\/\/mymultihoster.org\/de\/\",\"name\":\"MyMultiHoster.org\",\"description\":\"Dein Vergleichsportal f\u00fcr Multihoster\",\"potentialAction\":[{\"@type\":\"SearchAction\",\"target\":{\"@type\":\"EntryPoint\",\"urlTemplate\":\"https:\/\/mymultihoster.org\/de\/?s={search_term_string}\"},\"query-input\":{\"@type\":\"PropertyValueSpecification\",\"valueRequired\":true,\"valueName\":\"search_term_string\"}}],\"inLanguage\":\"de\"}]}<\/script>\n<!-- \/ Yoast SEO plugin. -->","yoast_head_json":{"title":"Hilf uns - MyMultiHoster.org","robots":{"index":"index","follow":"follow","max-snippet":"max-snippet:-1","max-image-preview":"max-image-preview:large","max-video-preview":"max-video-preview:-1"},"canonical":"https:\/\/mymultihoster.org\/de\/help-us\/","og_locale":"de_DE","og_type":"article","og_title":"Hilf uns - MyMultiHoster.org","og_description":"Diese Seite zu betreiben kostet uns viel Zeit und auch etwas Geld. Durch Werbung und Affiliate verdienen wir nicht mal genug um die Kosten f\u00fcr [...]","og_url":"https:\/\/mymultihoster.org\/de\/help-us\/","og_site_name":"MyMultiHoster.org","twitter_card":"summary_large_image","twitter_misc":{"Gesch\u00e4tzte Lesezeit":"1\u00a0Minute"},"schema":{"@context":"https:\/\/schema.org","@graph":[{"@type":"WebPage","@id":"https:\/\/mymultihoster.org\/de\/help-us\/","url":"https:\/\/mymultihoster.org\/de\/help-us\/","name":"Hilf uns - MyMultiHoster.org","isPartOf":{"@id":"https:\/\/mymultihoster.org\/de\/#website"},"datePublished":"2022-06-09T17:06:04+00:00","breadcrumb":{"@id":"https:\/\/mymultihoster.org\/de\/help-us\/#breadcrumb"},"inLanguage":"de","potentialAction":[{"@type":"ReadAction","target":[["https:\/\/mymultihoster.org\/de\/help-us\/"]]}]},{"@type":"BreadcrumbList","@id":"https:\/\/mymultihoster.org\/de\/help-us\/#breadcrumb","itemListElement":[{"@type":"ListItem","position":1,"name":"Home","item":"https:\/\/mymultihoster.org\/de\/"},{"@type":"ListItem","position":2,"name":"Help us"}]},{"@type":"WebSite","@id":"https:\/\/mymultihoster.org\/de\/#website","url":"https:\/\/mymultihoster.org\/de\/","name":"MyMultiHoster.org","description":"Dein Vergleichsportal f\u00fcr Multihoster","potentialAction":[{"@type":"SearchAction","target":{"@type":"EntryPoint","urlTemplate":"https:\/\/mymultihoster.org\/de\/?s={search_term_string}"},"query-input":{"@type":"PropertyValueSpecification","valueRequired":true,"valueName":"search_term_string"}}],"inLanguage":"de"}]}},"_links":{"self":[{"href":"https:\/\/mymultihoster.org\/de\/wp-json\/wp\/v2\/pages\/644","targetHints":{"allow":["GET"]}}],"collection":[{"href":"https:\/\/mymultihoster.org\/de\/wp-json\/wp\/v2\/pages"}],"about":[{"href":"https:\/\/mymultihoster.org\/de\/wp-json\/wp\/v2\/types\/page"}],"author":[{"embeddable":true,"href":"https:\/\/mymultihoster.org\/de\/wp-json\/wp\/v2\/users\/1"}],"replies":[{"embeddable":true,"href":"https:\/\/mymultihoster.org\/de\/wp-json\/wp\/v2\/comments?post=644"}],"version-history":[{"count":1,"href":"https:\/\/mymultihoster.org\/de\/wp-json\/wp\/v2\/pages\/644\/revisions"}],"predecessor-version":[{"id":645,"href":"https:\/\/mymultihoster.org\/de\/wp-json\/wp\/v2\/pages\/644\/revisions\/645"}],"wp:attachment":[{"href":"https:\/\/mymultihoster.org\/de\/wp-json\/wp\/v2\/media?parent=644"}],"curies":[{"name":"wp","href":"https:\/\/api.w.org\/{rel}","templated":true}]}}