{"id":496,"date":"2020-05-10T15:17:21","date_gmt":"2020-05-10T15:17:21","guid":{"rendered":"https:\/\/mymultihoster.org\/?page_id=496"},"modified":"2020-05-10T15:17:21","modified_gmt":"2020-05-10T15:17:21","slug":"hall-of-shame","status":"publish","type":"page","link":"https:\/\/mymultihoster.org\/de\/hall-of-shame\/","title":{"rendered":"Hall of Shame"},"content":{"rendered":"Wir versuchen regelm\u00e4\u00dfig Multihoster zu kontaktieren, um einen Test-Account f\u00fcr eine Review zu bekommen. Diese Anfrage abzulehnen, ist vollkommen akzeptabel und hat oft gute Gr\u00fcnde. Anfragen zu ignorieren oder kommentarlos zu l\u00f6schen oder zu schlie\u00dfen, wirft allerdings kein gutes Licht auf einen Multihoster. Daher listen wir genau diese Multihoster hier auf.<\/p>\n<p>Wir haben diese Multihoster nicht getestet, daher m\u00f6chten wir diese Dienste weder empfehlen noch von ihnen abraten. Jedoch sollte bei diesen Diensten mit Vorsicht vorgegangen werden.<\/p>\n<h3>2019<\/h3>\n<ul>\n<li>Real-Debrid.com<\/li>\n<li>Smoozed.com<\/li>\n<\/ul>","protected":false},"excerpt":{"rendered":"<div class=\"mh-excerpt\"><p>Wir versuchen regelm\u00e4\u00dfig Multihoster zu kontaktieren, um einen Test-Account f\u00fcr eine Review zu bekommen. Diese Anfrage abzulehnen, ist vollkommen akzeptabel und hat oft gute Gr\u00fcnde. <a class=\"mh-excerpt-more\" href=\"https:\/\/mymultihoster.org\/de\/hall-of-shame\/\" title=\"Hall of Shame\">[&#8230;]<\/a><\/p>\n<\/div>","protected":false},"author":1,"featured_media":0,"parent":0,"menu_order":0,"comment_status":"closed","ping_status":"closed","template":"","meta":{"footnotes":""},"class_list":["post-496","page","type-page","status-publish","hentry"],"wppr_data":{"cwp_meta_box_check":"No"},"yoast_head":"<!-- This site is optimized with the Yoast SEO plugin v25.8 - https:\/\/yoast.com\/wordpress\/plugins\/seo\/ -->\n<title>Hall of Shame - MyMultiHoster.org<\/title>\n<meta name=\"robots\" content=\"index, follow, max-snippet:-1, max-image-preview:large, max-video-preview:-1\" \/>\n<link rel=\"canonical\" href=\"https:\/\/mymultihoster.org\/de\/hall-of-shame\/\" \/>\n<meta property=\"og:locale\" content=\"de_DE\" \/>\n<meta property=\"og:type\" content=\"article\" \/>\n<meta property=\"og:title\" content=\"Hall of Shame - MyMultiHoster.org\" \/>\n<meta property=\"og:description\" content=\"Wir versuchen regelm\u00e4\u00dfig Multihoster zu kontaktieren, um einen Test-Account f\u00fcr eine Review zu bekommen. Diese Anfrage abzulehnen, ist vollkommen akzeptabel und hat oft gute Gr\u00fcnde. [...]\" \/>\n<meta property=\"og:url\" content=\"https:\/\/mymultihoster.org\/de\/hall-of-shame\/\" \/>\n<meta property=\"og:site_name\" content=\"MyMultiHoster.org\" \/>\n<meta name=\"twitter:card\" content=\"summary_large_image\" \/>\n<meta name=\"twitter:label1\" content=\"Gesch\u00e4tzte Lesezeit\" \/>\n\t<meta name=\"twitter:data1\" content=\"1\u00a0Minute\" \/>\n<script type=\"application\/ld+json\" class=\"yoast-schema-graph\">{\"@context\":\"https:\/\/schema.org\",\"@graph\":[{\"@type\":\"WebPage\",\"@id\":\"https:\/\/mymultihoster.org\/de\/hall-of-shame\/\",\"url\":\"https:\/\/mymultihoster.org\/de\/hall-of-shame\/\",\"name\":\"Hall of Shame - MyMultiHoster.org\",\"isPartOf\":{\"@id\":\"https:\/\/mymultihoster.org\/de\/#website\"},\"datePublished\":\"2020-05-10T15:17:21+00:00\",\"breadcrumb\":{\"@id\":\"https:\/\/mymultihoster.org\/de\/hall-of-shame\/#breadcrumb\"},\"inLanguage\":\"de\",\"potentialAction\":[{\"@type\":\"ReadAction\",\"target\":[[\"https:\/\/mymultihoster.org\/de\/hall-of-shame\/\"]]}]},{\"@type\":\"BreadcrumbList\",\"@id\":\"https:\/\/mymultihoster.org\/de\/hall-of-shame\/#breadcrumb\",\"itemListElement\":[{\"@type\":\"ListItem\",\"position\":1,\"name\":\"Home\",\"item\":\"https:\/\/mymultihoster.org\/de\/\"},{\"@type\":\"ListItem\",\"position\":2,\"name\":\"Hall of Shame\"}]},{\"@type\":\"WebSite\",\"@id\":\"https:\/\/mymultihoster.org\/de\/#website\",\"url\":\"https:\/\/mymultihoster.org\/de\/\",\"name\":\"MyMultiHoster.org\",\"description\":\"Dein Vergleichsportal f\u00fcr Multihoster\",\"potentialAction\":[{\"@type\":\"SearchAction\",\"target\":{\"@type\":\"EntryPoint\",\"urlTemplate\":\"https:\/\/mymultihoster.org\/de\/?s={search_term_string}\"},\"query-input\":{\"@type\":\"PropertyValueSpecification\",\"valueRequired\":true,\"valueName\":\"search_term_string\"}}],\"inLanguage\":\"de\"}]}<\/script>\n<!-- \/ Yoast SEO plugin. -->","yoast_head_json":{"title":"Hall of Shame - MyMultiHoster.org","robots":{"index":"index","follow":"follow","max-snippet":"max-snippet:-1","max-image-preview":"max-image-preview:large","max-video-preview":"max-video-preview:-1"},"canonical":"https:\/\/mymultihoster.org\/de\/hall-of-shame\/","og_locale":"de_DE","og_type":"article","og_title":"Hall of Shame - MyMultiHoster.org","og_description":"Wir versuchen regelm\u00e4\u00dfig Multihoster zu kontaktieren, um einen Test-Account f\u00fcr eine Review zu bekommen. Diese Anfrage abzulehnen, ist vollkommen akzeptabel und hat oft gute Gr\u00fcnde. [...]","og_url":"https:\/\/mymultihoster.org\/de\/hall-of-shame\/","og_site_name":"MyMultiHoster.org","twitter_card":"summary_large_image","twitter_misc":{"Gesch\u00e4tzte Lesezeit":"1\u00a0Minute"},"schema":{"@context":"https:\/\/schema.org","@graph":[{"@type":"WebPage","@id":"https:\/\/mymultihoster.org\/de\/hall-of-shame\/","url":"https:\/\/mymultihoster.org\/de\/hall-of-shame\/","name":"Hall of Shame - MyMultiHoster.org","isPartOf":{"@id":"https:\/\/mymultihoster.org\/de\/#website"},"datePublished":"2020-05-10T15:17:21+00:00","breadcrumb":{"@id":"https:\/\/mymultihoster.org\/de\/hall-of-shame\/#breadcrumb"},"inLanguage":"de","potentialAction":[{"@type":"ReadAction","target":[["https:\/\/mymultihoster.org\/de\/hall-of-shame\/"]]}]},{"@type":"BreadcrumbList","@id":"https:\/\/mymultihoster.org\/de\/hall-of-shame\/#breadcrumb","itemListElement":[{"@type":"ListItem","position":1,"name":"Home","item":"https:\/\/mymultihoster.org\/de\/"},{"@type":"ListItem","position":2,"name":"Hall of Shame"}]},{"@type":"WebSite","@id":"https:\/\/mymultihoster.org\/de\/#website","url":"https:\/\/mymultihoster.org\/de\/","name":"MyMultiHoster.org","description":"Dein Vergleichsportal f\u00fcr Multihoster","potentialAction":[{"@type":"SearchAction","target":{"@type":"EntryPoint","urlTemplate":"https:\/\/mymultihoster.org\/de\/?s={search_term_string}"},"query-input":{"@type":"PropertyValueSpecification","valueRequired":true,"valueName":"search_term_string"}}],"inLanguage":"de"}]}},"_links":{"self":[{"href":"https:\/\/mymultihoster.org\/de\/wp-json\/wp\/v2\/pages\/496","targetHints":{"allow":["GET"]}}],"collection":[{"href":"https:\/\/mymultihoster.org\/de\/wp-json\/wp\/v2\/pages"}],"about":[{"href":"https:\/\/mymultihoster.org\/de\/wp-json\/wp\/v2\/types\/page"}],"author":[{"embeddable":true,"href":"https:\/\/mymultihoster.org\/de\/wp-json\/wp\/v2\/users\/1"}],"replies":[{"embeddable":true,"href":"https:\/\/mymultihoster.org\/de\/wp-json\/wp\/v2\/comments?post=496"}],"version-history":[{"count":4,"href":"https:\/\/mymultihoster.org\/de\/wp-json\/wp\/v2\/pages\/496\/revisions"}],"predecessor-version":[{"id":500,"href":"https:\/\/mymultihoster.org\/de\/wp-json\/wp\/v2\/pages\/496\/revisions\/500"}],"wp:attachment":[{"href":"https:\/\/mymultihoster.org\/de\/wp-json\/wp\/v2\/media?parent=496"}],"curies":[{"name":"wp","href":"https:\/\/api.w.org\/{rel}","templated":true}]}}