{"id":426,"date":"2019-08-01T13:38:54","date_gmt":"2019-08-01T13:38:54","guid":{"rendered":"https:\/\/mymultihoster.org\/?page_id=426"},"modified":"2021-03-01T16:05:21","modified_gmt":"2021-03-01T16:05:21","slug":"our-top-3","status":"publish","type":"page","link":"https:\/\/mymultihoster.org\/de\/our-top-3\/","title":{"rendered":"Unsere Top 3"},"content":{"rendered":"Auf dieser Seite pr\u00e4sentieren wir euch die drei besten &#8211; und die drei schlechtesten &#8211; Multihoster.<\/p>\n<p>Leider ist es nicht einfach verschiedene Dienste, die verschiedene Angebote haben, in einem Ranking fair darzustellen. Es ist nat\u00fcrlich immer davon abh\u00e4ngig, was der jeweilige Nutzer an Funktionen ben\u00f6tigt. F\u00fcr uns sind die Filehoster ein absolutes Hauptkriterium und alle anderen Funktionen (wie Usenet oder Torrents) nur ein Nebenkriterium. Das bedeutet, dass ein Multihoster, der nur Filehoster anbietet, deutlich besser abschneiden kann, als ein Multihoster, der viele weitere Funktionen anbietet. Im Zweifel sollten immer die kompletten Reviews gelesen werden und danach eine pers\u00f6nliche Entscheidung getroffen werden.<\/p>\n<h1>Die besten Drei:<\/h1>\n<ul>\n<li><strong>1. Platz: <a href=\"https:\/\/mymultihoster.org\/linksnappy-com-review-05-2020\/\">LinkSnappy.com (9.4 von 10 Punkten)<\/a><\/strong><\/li>\n<li><strong>2. Platz: <a href=\"https:\/\/mymultihoster.org\/debriditalia-com-review-07-2019\/\">DebridItalia.com (8.8 von 10 Punkten)<\/a><\/strong><\/li>\n<li><strong>3. Platz:\u00a0 <a href=\"https:\/\/mymultihoster.org\/alldebrid-com-review-07-2020\/\">Alldebrid.com (8.6 von 10 Punkten)<\/a><\/strong><\/li>\n<\/ul>\n<p>&nbsp;<\/p>\n<h1>Die schlechtesten Drei:<\/h1>\n<ul>\n<li><strong>Platz 1: <a href=\"https:\/\/mymultihoster.org\/cocoleech-com-vip-review-06-2019\/\">Cocoleech.com (1.9 von 10 Punkten)<\/a><\/strong><\/li>\n<li><strong>Platz 2: <a href=\"https:\/\/mymultihoster.org\/premium-to-review-07-2018\/\">Premium.to (5.8 von 10 Punkten)<\/a><\/strong><\/li>\n<li><strong>Platz 3: <a href=\"https:\/\/mymultihoster.org\/high-way-me-review-12-2020\/\">High-Way.me (6.1 von 10 Punkten)<\/a><\/strong><\/li>\n<\/ul>","protected":false},"excerpt":{"rendered":"<div class=\"mh-excerpt\"><p>Auf dieser Seite pr\u00e4sentieren wir euch die drei besten &#8211; und die drei schlechtesten &#8211; Multihoster. Leider ist es nicht einfach verschiedene Dienste, die verschiedene <a class=\"mh-excerpt-more\" href=\"https:\/\/mymultihoster.org\/de\/our-top-3\/\" title=\"Unsere Top 3\">[&#8230;]<\/a><\/p>\n<\/div>","protected":false},"author":1,"featured_media":0,"parent":0,"menu_order":0,"comment_status":"closed","ping_status":"closed","template":"","meta":{"footnotes":""},"class_list":["post-426","page","type-page","status-publish","hentry"],"wppr_data":{"cwp_meta_box_check":"No"},"yoast_head":"<!-- This site is optimized with the Yoast SEO plugin v25.8 - https:\/\/yoast.com\/wordpress\/plugins\/seo\/ -->\n<title>Unsere Top 3 - MyMultiHoster.org<\/title>\n<meta name=\"robots\" content=\"index, follow, max-snippet:-1, max-image-preview:large, max-video-preview:-1\" \/>\n<link rel=\"canonical\" href=\"https:\/\/mymultihoster.org\/de\/our-top-3\/\" \/>\n<meta property=\"og:locale\" content=\"de_DE\" \/>\n<meta property=\"og:type\" content=\"article\" \/>\n<meta property=\"og:title\" content=\"Unsere Top 3 - MyMultiHoster.org\" \/>\n<meta property=\"og:description\" content=\"Auf dieser Seite pr\u00e4sentieren wir euch die drei besten &#8211; und die drei schlechtesten &#8211; Multihoster. Leider ist es nicht einfach verschiedene Dienste, die verschiedene [...]\" \/>\n<meta property=\"og:url\" content=\"https:\/\/mymultihoster.org\/de\/our-top-3\/\" \/>\n<meta property=\"og:site_name\" content=\"MyMultiHoster.org\" \/>\n<meta property=\"article:modified_time\" content=\"2021-03-01T16:05:21+00:00\" \/>\n<meta name=\"twitter:card\" content=\"summary_large_image\" \/>\n<meta name=\"twitter:label1\" content=\"Gesch\u00e4tzte Lesezeit\" \/>\n\t<meta name=\"twitter:data1\" content=\"1\u00a0Minute\" \/>\n<script type=\"application\/ld+json\" class=\"yoast-schema-graph\">{\"@context\":\"https:\/\/schema.org\",\"@graph\":[{\"@type\":\"WebPage\",\"@id\":\"https:\/\/mymultihoster.org\/de\/our-top-3\/\",\"url\":\"https:\/\/mymultihoster.org\/de\/our-top-3\/\",\"name\":\"Unsere Top 3 - MyMultiHoster.org\",\"isPartOf\":{\"@id\":\"https:\/\/mymultihoster.org\/de\/#website\"},\"datePublished\":\"2019-08-01T13:38:54+00:00\",\"dateModified\":\"2021-03-01T16:05:21+00:00\",\"breadcrumb\":{\"@id\":\"https:\/\/mymultihoster.org\/de\/our-top-3\/#breadcrumb\"},\"inLanguage\":\"de\",\"potentialAction\":[{\"@type\":\"ReadAction\",\"target\":[[\"https:\/\/mymultihoster.org\/de\/our-top-3\/\"]]}]},{\"@type\":\"BreadcrumbList\",\"@id\":\"https:\/\/mymultihoster.org\/de\/our-top-3\/#breadcrumb\",\"itemListElement\":[{\"@type\":\"ListItem\",\"position\":1,\"name\":\"Home\",\"item\":\"https:\/\/mymultihoster.org\/de\/\"},{\"@type\":\"ListItem\",\"position\":2,\"name\":\"Our Top 3\"}]},{\"@type\":\"WebSite\",\"@id\":\"https:\/\/mymultihoster.org\/de\/#website\",\"url\":\"https:\/\/mymultihoster.org\/de\/\",\"name\":\"MyMultiHoster.org\",\"description\":\"Dein Vergleichsportal f\u00fcr Multihoster\",\"potentialAction\":[{\"@type\":\"SearchAction\",\"target\":{\"@type\":\"EntryPoint\",\"urlTemplate\":\"https:\/\/mymultihoster.org\/de\/?s={search_term_string}\"},\"query-input\":{\"@type\":\"PropertyValueSpecification\",\"valueRequired\":true,\"valueName\":\"search_term_string\"}}],\"inLanguage\":\"de\"}]}<\/script>\n<!-- \/ Yoast SEO plugin. -->","yoast_head_json":{"title":"Unsere Top 3 - MyMultiHoster.org","robots":{"index":"index","follow":"follow","max-snippet":"max-snippet:-1","max-image-preview":"max-image-preview:large","max-video-preview":"max-video-preview:-1"},"canonical":"https:\/\/mymultihoster.org\/de\/our-top-3\/","og_locale":"de_DE","og_type":"article","og_title":"Unsere Top 3 - MyMultiHoster.org","og_description":"Auf dieser Seite pr\u00e4sentieren wir euch die drei besten &#8211; und die drei schlechtesten &#8211; Multihoster. Leider ist es nicht einfach verschiedene Dienste, die verschiedene [...]","og_url":"https:\/\/mymultihoster.org\/de\/our-top-3\/","og_site_name":"MyMultiHoster.org","article_modified_time":"2021-03-01T16:05:21+00:00","twitter_card":"summary_large_image","twitter_misc":{"Gesch\u00e4tzte Lesezeit":"1\u00a0Minute"},"schema":{"@context":"https:\/\/schema.org","@graph":[{"@type":"WebPage","@id":"https:\/\/mymultihoster.org\/de\/our-top-3\/","url":"https:\/\/mymultihoster.org\/de\/our-top-3\/","name":"Unsere Top 3 - MyMultiHoster.org","isPartOf":{"@id":"https:\/\/mymultihoster.org\/de\/#website"},"datePublished":"2019-08-01T13:38:54+00:00","dateModified":"2021-03-01T16:05:21+00:00","breadcrumb":{"@id":"https:\/\/mymultihoster.org\/de\/our-top-3\/#breadcrumb"},"inLanguage":"de","potentialAction":[{"@type":"ReadAction","target":[["https:\/\/mymultihoster.org\/de\/our-top-3\/"]]}]},{"@type":"BreadcrumbList","@id":"https:\/\/mymultihoster.org\/de\/our-top-3\/#breadcrumb","itemListElement":[{"@type":"ListItem","position":1,"name":"Home","item":"https:\/\/mymultihoster.org\/de\/"},{"@type":"ListItem","position":2,"name":"Our Top 3"}]},{"@type":"WebSite","@id":"https:\/\/mymultihoster.org\/de\/#website","url":"https:\/\/mymultihoster.org\/de\/","name":"MyMultiHoster.org","description":"Dein Vergleichsportal f\u00fcr Multihoster","potentialAction":[{"@type":"SearchAction","target":{"@type":"EntryPoint","urlTemplate":"https:\/\/mymultihoster.org\/de\/?s={search_term_string}"},"query-input":{"@type":"PropertyValueSpecification","valueRequired":true,"valueName":"search_term_string"}}],"inLanguage":"de"}]}},"_links":{"self":[{"href":"https:\/\/mymultihoster.org\/de\/wp-json\/wp\/v2\/pages\/426","targetHints":{"allow":["GET"]}}],"collection":[{"href":"https:\/\/mymultihoster.org\/de\/wp-json\/wp\/v2\/pages"}],"about":[{"href":"https:\/\/mymultihoster.org\/de\/wp-json\/wp\/v2\/types\/page"}],"author":[{"embeddable":true,"href":"https:\/\/mymultihoster.org\/de\/wp-json\/wp\/v2\/users\/1"}],"replies":[{"embeddable":true,"href":"https:\/\/mymultihoster.org\/de\/wp-json\/wp\/v2\/comments?post=426"}],"version-history":[{"count":8,"href":"https:\/\/mymultihoster.org\/de\/wp-json\/wp\/v2\/pages\/426\/revisions"}],"predecessor-version":[{"id":614,"href":"https:\/\/mymultihoster.org\/de\/wp-json\/wp\/v2\/pages\/426\/revisions\/614"}],"wp:attachment":[{"href":"https:\/\/mymultihoster.org\/de\/wp-json\/wp\/v2\/media?parent=426"}],"curies":[{"name":"wp","href":"https:\/\/api.w.org\/{rel}","templated":true}]}}