{"id":40,"date":"2018-07-09T14:13:11","date_gmt":"2018-07-09T14:13:11","guid":{"rendered":"https:\/\/mymultihoster.org\/?page_id=40"},"modified":"2020-05-11T00:49:46","modified_gmt":"2020-05-11T00:49:46","slug":"how-we-test","status":"publish","type":"page","link":"https:\/\/mymultihoster.org\/de\/how-we-test\/","title":{"rendered":"Wie wir testen"},"content":{"rendered":"Wir versuchen unsere Tests so transparent wie m\u00f6glich zu gestalten. Um eine st\u00e4ndige Wiederholung in den Reviews zu vermeiden, f\u00fchre ich nun hier kurz auf, wie die Tests eigentlich ablaufen.<\/p>\n<h2>1. Anfrage beim Multihoster<\/h2>\n<p>Zun\u00e4chst fragen wir nat\u00fcrlich beim Multihoster an, um einen Testaccount zu bekommen. Die meisten Multihoster sind nat\u00fcrlich ebenfalls an einer objektiven Bewertung interessiert und stellen meist einen Account zur Verf\u00fcgung. Falls nicht, greifen wir ggf. auf Testaccounts o.\u00e4. zur\u00fcck. Im schlimmsten Fall, m\u00fcssen wir das Review dann auch abblasen, wenn der Multihoster uns keinen Account zur Verf\u00fcgung stellt und keine Trials anbietet.<\/p>\n<h2>2. \u00dcbersicht \u00fcber das Angebot verschaffen<\/h2>\n<p>Danach verschaffen wir uns erstmal einen \u00dcberblick dar\u00fcber, was der Multihoster eigentlich alles anbietet. Jeder Dienst ist f\u00fcr uns interessant und flie\u00dft nachher in die Bewertung ein. In dem Zuge wird auch gleich die Website\u00fcbersichtlichkeit bewertet. Finde ich alles sofort oder muss ich auf der Suche nach der Hoster-Liste erst den Support anschreiben, weil sie so gut versteckt ist. Auch die Funktionen der Website sind oftmals wichtig. Bietet der Multihoster einen Downloader auf der Website an, dann sollte dieser auch problemlos funktionieren.<\/p><div class=\"mymul-middle-content\" style=\"text-align: center;\" id=\"mymul-515941373\"><div class=\"mymul-adlabel\">Werbung<\/div><a href=\"http:\/\/linksnappy.com\/?ref=294765\" target=\"_blank\"><img decoding=\"async\" src=\"https:\/\/mymultihoster.org\/wp-content\/uploads\/2020\/05\/linksnappy_05.jpg\" border=\"0\" alt=\"Linksnappy.com\"\/><\/a><\/div>\n<p>Wichtig sind nat\u00fcrlich auch Limits (z.B. Trafficlimits f\u00fcr Filehoster). Diese schauen wir uns auch an und diese flie\u00dfen nat\u00fcrlich auch bei uns in die Bewertung ein.<\/p>\n<h2>3. Das Wichtigste: Die Tests<\/h2>\n<p>Zun\u00e4chst testen wir die wichtigsten Filehoster, wie Uploaded, Rapidgator, Icerbox, Share-Online, etc., aber auch die anderen Filehoster testen wir stichpunktartig durch, um zu pr\u00fcfen, was der Multihoster tats\u00e4chlich bieten kann. Sofern verf\u00fcgbar, testen wir die anderen Dienste (z.B. Usenet, Online-Speicher, VPN &amp; Co.) nat\u00fcrlich auch kurz durch.<\/p>\n<p>Danach gehts dann noch kurz an die Geschwindigkeitstests. Sofern die Multihoster es erlauben (und keine Server-IPs sperren), testen wir den Downloadspeed mit mehreren Servern, quer \u00fcber die Welt verstreut:<\/p>\n<ul>\n<li>Vereinigte Staaten<\/li>\n<li>Gro\u00dfbritannien<\/li>\n<li>Niederlande<\/li>\n<li>Indien<\/li>\n<li>Singapur<\/li>\n<li>Australien<\/li>\n<li>Japan<\/li>\n<\/ul>\n<p>Falls Server-IPs nicht erlaubt sind, stehen uns Testleitungen in \u00d6sterreich zur Verf\u00fcgung. Getestet wird immer nur der direkte Download mit einer Verbindung. Mit Download-Managern wie jDownloader &amp; Co. k\u00f6nnen ggf. schnellere Geschwindigkeiten erreicht werden, wenn diese mehrere Downloads gleichzeitig starten und mehrere Verbindungen nutzen.<\/p>\n<p>Zum Ende der Tests, \u00f6ffnen wir noch einige Supporttickets bei dem Multihoster. Je nachdem ob Probleme aufgetreten sind, k\u00f6nnen wir diese gleich melden und schauen wie lange die Behebung dauert. Nat\u00fcrlich lassen wir uns auch &#8222;anonym&#8220; als Neukunde beraten, um auszuschlie\u00dfen, dass der Kundenservice uns bevorzugt behandelt, schlie\u00dflich wissen sie ja von unseren Tests.<\/p>\n<h2>4. Die Preise<\/h2>\n<p>Ein abschlie\u00dfender Blick auf die Preise und die Zahlungsmethoden darf nat\u00fcrlich nicht fehlen. Besonders interessant: Sind die Preise und Zahlungsmethoden \u00fcberall auf der Welt gleich oder lohnt es sich vielleicht \u00fcber einen VPN\/Proxy einzukaufen?<\/p>\n<h2>5. Das Fazit<\/h2>\n<p>Am Ende arbeiten wir eine Pro- und Contraliste aus und schreiben auf Grundlage dessen ein Fazit. Abschlie\u00dfend berechnen wir nat\u00fcrlich noch die Gesamtnote.<\/p>\n<h2>Sonst noch wichtig:<\/h2>\n<p>Auch wenn wir auf unserer Seite Werbung anbieten, das hat NIEMALS Einfluss auf unsere Bewertungen. Teilweise bekommen wir auch von dem bewerteten Multihostern eine kleine Provision (Ref-Link). Auch das hat niemals Auswirkungen auf unsere Bewertungen. Wir lassen uns nicht kaufen! Diese Webseite ist lediglich ein Hobby, daher sollen auch keine Gewinne erwirtschaftet werden. Kleine Einnahmen helfen uns zwar die laufenden Kosten (Webspace, Multihoster-Accounts) zu decken, bevor wir uns aber selbst verkaufen, zahlen wir das lieber aus eigener Tasche.<\/p>\n<p>Auch Bewertungen werden von uns nicht gel\u00f6scht, sofern sie keinen Spam enthalten, keine Ref-Links enthalten und der \u00fcblichen Netiquette ensprechen.","protected":false},"excerpt":{"rendered":"<div class=\"mh-excerpt\"><p>Wir versuchen unsere Tests so transparent wie m\u00f6glich zu gestalten. Um eine st\u00e4ndige Wiederholung in den Reviews zu vermeiden, f\u00fchre ich nun hier kurz auf, <a class=\"mh-excerpt-more\" href=\"https:\/\/mymultihoster.org\/de\/how-we-test\/\" title=\"Wie wir testen\">[&#8230;]<\/a><\/p>\n<\/div>","protected":false},"author":1,"featured_media":0,"parent":0,"menu_order":0,"comment_status":"closed","ping_status":"closed","template":"","meta":{"footnotes":""},"class_list":["post-40","page","type-page","status-publish","hentry"],"wppr_data":{"cwp_meta_box_check":"No"},"yoast_head":"<!-- This site is optimized with the Yoast SEO plugin v25.8 - https:\/\/yoast.com\/wordpress\/plugins\/seo\/ -->\n<title>Wie wir testen - MyMultiHoster.org<\/title>\n<meta name=\"robots\" content=\"index, follow, max-snippet:-1, max-image-preview:large, max-video-preview:-1\" \/>\n<link rel=\"canonical\" href=\"https:\/\/mymultihoster.org\/de\/how-we-test\/\" \/>\n<meta property=\"og:locale\" content=\"de_DE\" \/>\n<meta property=\"og:type\" content=\"article\" \/>\n<meta property=\"og:title\" content=\"Wie wir testen - MyMultiHoster.org\" \/>\n<meta property=\"og:description\" content=\"Wir versuchen unsere Tests so transparent wie m\u00f6glich zu gestalten. Um eine st\u00e4ndige Wiederholung in den Reviews zu vermeiden, f\u00fchre ich nun hier kurz auf, [...]\" \/>\n<meta property=\"og:url\" content=\"https:\/\/mymultihoster.org\/de\/how-we-test\/\" \/>\n<meta property=\"og:site_name\" content=\"MyMultiHoster.org\" \/>\n<meta property=\"article:modified_time\" content=\"2020-05-11T00:49:46+00:00\" \/>\n<meta name=\"twitter:card\" content=\"summary_large_image\" \/>\n<meta name=\"twitter:label1\" content=\"Gesch\u00e4tzte Lesezeit\" \/>\n\t<meta name=\"twitter:data1\" content=\"6\u00a0Minuten\" \/>\n<script type=\"application\/ld+json\" class=\"yoast-schema-graph\">{\"@context\":\"https:\/\/schema.org\",\"@graph\":[{\"@type\":\"WebPage\",\"@id\":\"https:\/\/mymultihoster.org\/de\/how-we-test\/\",\"url\":\"https:\/\/mymultihoster.org\/de\/how-we-test\/\",\"name\":\"Wie wir testen - MyMultiHoster.org\",\"isPartOf\":{\"@id\":\"https:\/\/mymultihoster.org\/de\/#website\"},\"datePublished\":\"2018-07-09T14:13:11+00:00\",\"dateModified\":\"2020-05-11T00:49:46+00:00\",\"breadcrumb\":{\"@id\":\"https:\/\/mymultihoster.org\/de\/how-we-test\/#breadcrumb\"},\"inLanguage\":\"de\",\"potentialAction\":[{\"@type\":\"ReadAction\",\"target\":[[\"https:\/\/mymultihoster.org\/de\/how-we-test\/\"]]}]},{\"@type\":\"BreadcrumbList\",\"@id\":\"https:\/\/mymultihoster.org\/de\/how-we-test\/#breadcrumb\",\"itemListElement\":[{\"@type\":\"ListItem\",\"position\":1,\"name\":\"Home\",\"item\":\"https:\/\/mymultihoster.org\/de\/\"},{\"@type\":\"ListItem\",\"position\":2,\"name\":\"How we test\"}]},{\"@type\":\"WebSite\",\"@id\":\"https:\/\/mymultihoster.org\/de\/#website\",\"url\":\"https:\/\/mymultihoster.org\/de\/\",\"name\":\"MyMultiHoster.org\",\"description\":\"Dein Vergleichsportal f\u00fcr Multihoster\",\"potentialAction\":[{\"@type\":\"SearchAction\",\"target\":{\"@type\":\"EntryPoint\",\"urlTemplate\":\"https:\/\/mymultihoster.org\/de\/?s={search_term_string}\"},\"query-input\":{\"@type\":\"PropertyValueSpecification\",\"valueRequired\":true,\"valueName\":\"search_term_string\"}}],\"inLanguage\":\"de\"}]}<\/script>\n<!-- \/ Yoast SEO plugin. -->","yoast_head_json":{"title":"Wie wir testen - MyMultiHoster.org","robots":{"index":"index","follow":"follow","max-snippet":"max-snippet:-1","max-image-preview":"max-image-preview:large","max-video-preview":"max-video-preview:-1"},"canonical":"https:\/\/mymultihoster.org\/de\/how-we-test\/","og_locale":"de_DE","og_type":"article","og_title":"Wie wir testen - MyMultiHoster.org","og_description":"Wir versuchen unsere Tests so transparent wie m\u00f6glich zu gestalten. Um eine st\u00e4ndige Wiederholung in den Reviews zu vermeiden, f\u00fchre ich nun hier kurz auf, [...]","og_url":"https:\/\/mymultihoster.org\/de\/how-we-test\/","og_site_name":"MyMultiHoster.org","article_modified_time":"2020-05-11T00:49:46+00:00","twitter_card":"summary_large_image","twitter_misc":{"Gesch\u00e4tzte Lesezeit":"6\u00a0Minuten"},"schema":{"@context":"https:\/\/schema.org","@graph":[{"@type":"WebPage","@id":"https:\/\/mymultihoster.org\/de\/how-we-test\/","url":"https:\/\/mymultihoster.org\/de\/how-we-test\/","name":"Wie wir testen - MyMultiHoster.org","isPartOf":{"@id":"https:\/\/mymultihoster.org\/de\/#website"},"datePublished":"2018-07-09T14:13:11+00:00","dateModified":"2020-05-11T00:49:46+00:00","breadcrumb":{"@id":"https:\/\/mymultihoster.org\/de\/how-we-test\/#breadcrumb"},"inLanguage":"de","potentialAction":[{"@type":"ReadAction","target":[["https:\/\/mymultihoster.org\/de\/how-we-test\/"]]}]},{"@type":"BreadcrumbList","@id":"https:\/\/mymultihoster.org\/de\/how-we-test\/#breadcrumb","itemListElement":[{"@type":"ListItem","position":1,"name":"Home","item":"https:\/\/mymultihoster.org\/de\/"},{"@type":"ListItem","position":2,"name":"How we test"}]},{"@type":"WebSite","@id":"https:\/\/mymultihoster.org\/de\/#website","url":"https:\/\/mymultihoster.org\/de\/","name":"MyMultiHoster.org","description":"Dein Vergleichsportal f\u00fcr Multihoster","potentialAction":[{"@type":"SearchAction","target":{"@type":"EntryPoint","urlTemplate":"https:\/\/mymultihoster.org\/de\/?s={search_term_string}"},"query-input":{"@type":"PropertyValueSpecification","valueRequired":true,"valueName":"search_term_string"}}],"inLanguage":"de"}]}},"_links":{"self":[{"href":"https:\/\/mymultihoster.org\/de\/wp-json\/wp\/v2\/pages\/40","targetHints":{"allow":["GET"]}}],"collection":[{"href":"https:\/\/mymultihoster.org\/de\/wp-json\/wp\/v2\/pages"}],"about":[{"href":"https:\/\/mymultihoster.org\/de\/wp-json\/wp\/v2\/types\/page"}],"author":[{"embeddable":true,"href":"https:\/\/mymultihoster.org\/de\/wp-json\/wp\/v2\/users\/1"}],"replies":[{"embeddable":true,"href":"https:\/\/mymultihoster.org\/de\/wp-json\/wp\/v2\/comments?post=40"}],"version-history":[{"count":4,"href":"https:\/\/mymultihoster.org\/de\/wp-json\/wp\/v2\/pages\/40\/revisions"}],"predecessor-version":[{"id":531,"href":"https:\/\/mymultihoster.org\/de\/wp-json\/wp\/v2\/pages\/40\/revisions\/531"}],"wp:attachment":[{"href":"https:\/\/mymultihoster.org\/de\/wp-json\/wp\/v2\/media?parent=40"}],"curies":[{"name":"wp","href":"https:\/\/api.w.org\/{rel}","templated":true}]}}