{"id":26,"date":"2018-06-28T11:15:29","date_gmt":"2018-06-28T11:15:29","guid":{"rendered":"https:\/\/mymultihoster.org\/?page_id=26"},"modified":"2022-06-14T11:15:18","modified_gmt":"2022-06-14T11:15:18","slug":"for-webmasters","status":"publish","type":"page","link":"https:\/\/mymultihoster.org\/de\/for-webmasters\/","title":{"rendered":"F\u00fcr Webmaster"},"content":{"rendered":"Wir haben einige Angebote f\u00fcr Webmaster im Bereich Filesharing, speziell f\u00fcr Multihoster:<\/p>\n<h2>F\u00fcr Webmaster<\/h2>\n<p>F\u00fcr Webmaster bieten wir die M\u00f6glichkeit Werbung auf unserer Seite zu schalten. Mehr Informationen finden Sie <a href=\"https:\/\/mymultihoster.org\/advertisements\/\">hier<\/a>.<\/p>\n<h2>F\u00fcr Multihoster und Filehoster<\/h2>\n<p>F\u00fcr Multihoster und Filehoster bieten wir nat\u00fcrlich ebenfalls die M\u00f6glichkeit f\u00fcr Werbung.<\/p><div class=\"mymul-middle-content\" style=\"text-align: center;\" id=\"mymul-3320751208\"><div class=\"mymul-adlabel\">Werbung<\/div><a href=\"http:\/\/linksnappy.com\/?ref=294765\" target=\"_blank\"><img decoding=\"async\" src=\"https:\/\/mymultihoster.org\/wp-content\/uploads\/2020\/05\/linksnappy_06.gif\" border=\"0\" alt=\"Linksnappy.com\"\/><\/a><\/div>\n<p>Unsere Hauptaufgabe liegt aber in Reviews, daher k\u00f6nnen Sie uns immer gerne kontaktieren, damit wir ein Review f\u00fcr Ihren Multihoster machen. Daf\u00fcr ben\u00f6tigen wir lediglich einen Account zum Testen. Bitte beachten Sie aber, dass wir unseren Test v\u00f6llig unabh\u00e4ngig durchf\u00fchren.<\/p>\n<p>Gerne bieten wir in Kooperation auch spezielle Angebote an, falls Sie daran interessiert sind. Das k\u00f6nnte z.B. ein spezieller Link sein, \u00fcber den Kunden eine kostenlose Testphase bekommen k\u00f6nnen oder ein verg\u00fcnstigtes Premium-Paket kaufen k\u00f6nnen. Nat\u00fcrlich sind wir f\u00fcr jegliche Vorschl\u00e4ge offen, kontaktieren Sie uns einfach.","protected":false},"excerpt":{"rendered":"<div class=\"mh-excerpt\"><p>Wir haben einige Angebote f\u00fcr Webmaster im Bereich Filesharing, speziell f\u00fcr Multihoster: F\u00fcr Webmaster F\u00fcr Webmaster bieten wir die M\u00f6glichkeit Werbung auf unserer Seite zu <a class=\"mh-excerpt-more\" href=\"https:\/\/mymultihoster.org\/de\/for-webmasters\/\" title=\"F\u00fcr Webmaster\">[&#8230;]<\/a><\/p>\n<\/div>","protected":false},"author":1,"featured_media":0,"parent":0,"menu_order":0,"comment_status":"closed","ping_status":"closed","template":"","meta":{"footnotes":""},"class_list":["post-26","page","type-page","status-publish","hentry"],"wppr_data":{"cwp_meta_box_check":"No"},"yoast_head":"<!-- This site is optimized with the Yoast SEO plugin v25.8 - https:\/\/yoast.com\/wordpress\/plugins\/seo\/ -->\n<title>F\u00fcr Webmaster - MyMultiHoster.org<\/title>\n<meta name=\"robots\" content=\"index, follow, max-snippet:-1, max-image-preview:large, max-video-preview:-1\" \/>\n<link rel=\"canonical\" href=\"https:\/\/mymultihoster.org\/de\/for-webmasters\/\" \/>\n<meta property=\"og:locale\" content=\"de_DE\" \/>\n<meta property=\"og:type\" content=\"article\" \/>\n<meta property=\"og:title\" content=\"F\u00fcr Webmaster - MyMultiHoster.org\" \/>\n<meta property=\"og:description\" content=\"Wir haben einige Angebote f\u00fcr Webmaster im Bereich Filesharing, speziell f\u00fcr Multihoster: F\u00fcr Webmaster F\u00fcr Webmaster bieten wir die M\u00f6glichkeit Werbung auf unserer Seite zu [...]\" \/>\n<meta property=\"og:url\" content=\"https:\/\/mymultihoster.org\/de\/for-webmasters\/\" \/>\n<meta property=\"og:site_name\" content=\"MyMultiHoster.org\" \/>\n<meta property=\"article:modified_time\" content=\"2022-06-14T11:15:18+00:00\" \/>\n<meta name=\"twitter:card\" content=\"summary_large_image\" \/>\n<meta name=\"twitter:label1\" content=\"Gesch\u00e4tzte Lesezeit\" \/>\n\t<meta name=\"twitter:data1\" content=\"1\u00a0Minute\" \/>\n<script type=\"application\/ld+json\" class=\"yoast-schema-graph\">{\"@context\":\"https:\/\/schema.org\",\"@graph\":[{\"@type\":\"WebPage\",\"@id\":\"https:\/\/mymultihoster.org\/de\/for-webmasters\/\",\"url\":\"https:\/\/mymultihoster.org\/de\/for-webmasters\/\",\"name\":\"F\u00fcr Webmaster - MyMultiHoster.org\",\"isPartOf\":{\"@id\":\"https:\/\/mymultihoster.org\/de\/#website\"},\"datePublished\":\"2018-06-28T11:15:29+00:00\",\"dateModified\":\"2022-06-14T11:15:18+00:00\",\"breadcrumb\":{\"@id\":\"https:\/\/mymultihoster.org\/de\/for-webmasters\/#breadcrumb\"},\"inLanguage\":\"de\",\"potentialAction\":[{\"@type\":\"ReadAction\",\"target\":[[\"https:\/\/mymultihoster.org\/de\/for-webmasters\/\"]]}]},{\"@type\":\"BreadcrumbList\",\"@id\":\"https:\/\/mymultihoster.org\/de\/for-webmasters\/#breadcrumb\",\"itemListElement\":[{\"@type\":\"ListItem\",\"position\":1,\"name\":\"Home\",\"item\":\"https:\/\/mymultihoster.org\/de\/\"},{\"@type\":\"ListItem\",\"position\":2,\"name\":\"For Webmasters\"}]},{\"@type\":\"WebSite\",\"@id\":\"https:\/\/mymultihoster.org\/de\/#website\",\"url\":\"https:\/\/mymultihoster.org\/de\/\",\"name\":\"MyMultiHoster.org\",\"description\":\"Dein Vergleichsportal f\u00fcr Multihoster\",\"potentialAction\":[{\"@type\":\"SearchAction\",\"target\":{\"@type\":\"EntryPoint\",\"urlTemplate\":\"https:\/\/mymultihoster.org\/de\/?s={search_term_string}\"},\"query-input\":{\"@type\":\"PropertyValueSpecification\",\"valueRequired\":true,\"valueName\":\"search_term_string\"}}],\"inLanguage\":\"de\"}]}<\/script>\n<!-- \/ Yoast SEO plugin. -->","yoast_head_json":{"title":"F\u00fcr Webmaster - MyMultiHoster.org","robots":{"index":"index","follow":"follow","max-snippet":"max-snippet:-1","max-image-preview":"max-image-preview:large","max-video-preview":"max-video-preview:-1"},"canonical":"https:\/\/mymultihoster.org\/de\/for-webmasters\/","og_locale":"de_DE","og_type":"article","og_title":"F\u00fcr Webmaster - MyMultiHoster.org","og_description":"Wir haben einige Angebote f\u00fcr Webmaster im Bereich Filesharing, speziell f\u00fcr Multihoster: F\u00fcr Webmaster F\u00fcr Webmaster bieten wir die M\u00f6glichkeit Werbung auf unserer Seite zu [...]","og_url":"https:\/\/mymultihoster.org\/de\/for-webmasters\/","og_site_name":"MyMultiHoster.org","article_modified_time":"2022-06-14T11:15:18+00:00","twitter_card":"summary_large_image","twitter_misc":{"Gesch\u00e4tzte Lesezeit":"1\u00a0Minute"},"schema":{"@context":"https:\/\/schema.org","@graph":[{"@type":"WebPage","@id":"https:\/\/mymultihoster.org\/de\/for-webmasters\/","url":"https:\/\/mymultihoster.org\/de\/for-webmasters\/","name":"F\u00fcr Webmaster - MyMultiHoster.org","isPartOf":{"@id":"https:\/\/mymultihoster.org\/de\/#website"},"datePublished":"2018-06-28T11:15:29+00:00","dateModified":"2022-06-14T11:15:18+00:00","breadcrumb":{"@id":"https:\/\/mymultihoster.org\/de\/for-webmasters\/#breadcrumb"},"inLanguage":"de","potentialAction":[{"@type":"ReadAction","target":[["https:\/\/mymultihoster.org\/de\/for-webmasters\/"]]}]},{"@type":"BreadcrumbList","@id":"https:\/\/mymultihoster.org\/de\/for-webmasters\/#breadcrumb","itemListElement":[{"@type":"ListItem","position":1,"name":"Home","item":"https:\/\/mymultihoster.org\/de\/"},{"@type":"ListItem","position":2,"name":"For Webmasters"}]},{"@type":"WebSite","@id":"https:\/\/mymultihoster.org\/de\/#website","url":"https:\/\/mymultihoster.org\/de\/","name":"MyMultiHoster.org","description":"Dein Vergleichsportal f\u00fcr Multihoster","potentialAction":[{"@type":"SearchAction","target":{"@type":"EntryPoint","urlTemplate":"https:\/\/mymultihoster.org\/de\/?s={search_term_string}"},"query-input":{"@type":"PropertyValueSpecification","valueRequired":true,"valueName":"search_term_string"}}],"inLanguage":"de"}]}},"_links":{"self":[{"href":"https:\/\/mymultihoster.org\/de\/wp-json\/wp\/v2\/pages\/26","targetHints":{"allow":["GET"]}}],"collection":[{"href":"https:\/\/mymultihoster.org\/de\/wp-json\/wp\/v2\/pages"}],"about":[{"href":"https:\/\/mymultihoster.org\/de\/wp-json\/wp\/v2\/types\/page"}],"author":[{"embeddable":true,"href":"https:\/\/mymultihoster.org\/de\/wp-json\/wp\/v2\/users\/1"}],"replies":[{"embeddable":true,"href":"https:\/\/mymultihoster.org\/de\/wp-json\/wp\/v2\/comments?post=26"}],"version-history":[{"count":3,"href":"https:\/\/mymultihoster.org\/de\/wp-json\/wp\/v2\/pages\/26\/revisions"}],"predecessor-version":[{"id":655,"href":"https:\/\/mymultihoster.org\/de\/wp-json\/wp\/v2\/pages\/26\/revisions\/655"}],"wp:attachment":[{"href":"https:\/\/mymultihoster.org\/de\/wp-json\/wp\/v2\/media?parent=26"}],"curies":[{"name":"wp","href":"https:\/\/api.w.org\/{rel}","templated":true}]}}