{"id":20,"date":"2018-06-28T10:32:02","date_gmt":"2018-06-28T10:32:02","guid":{"rendered":"https:\/\/mymultihoster.org\/?page_id=20"},"modified":"2019-07-01T12:34:26","modified_gmt":"2019-07-01T12:34:26","slug":"advertisements","status":"publish","type":"page","link":"https:\/\/mymultihoster.org\/de\/advertisements\/","title":{"rendered":"Werbung"},"content":{"rendered":"Leider k\u00f6nnen wir auch unsere Seite nicht komplett kostenlos anbieten und m\u00fcssen Werbung schalten. Wir haben uns dabei jedoch explizit entschieden keine Google Ads, o.\u00e4. einzubinden, sondern lediglich Werbung von Filehostern und Multihostern. Diese Werbung ist immer klar als Werbung erkennbar und auf Bannerwerbung begrenzt. Nervige blinkende Popups, u.\u00e4. wird es nicht geben! Auch sponsored Posts wird es bei uns nicht geben. Das Kaufen von Werbung hat niemals Einfluss auf unsere Tests, Bewertungen oder Kommentare von Usern.<\/p>\n<h2>Was bieten wir an?<\/h2>\n<h3>Werbepl\u00e4tze<\/h3>\n<p>Wir bieten einige begrenzte Bannerpl\u00e4tze an. Ausnahmen sind z.B. exklusive Promoaktionen, die dann aber auch deutlich als solche dargestellt werden. Die Banner werden zuf\u00e4llig bei jedem Aufruf der Seite gewechselt. Werbung wird auf ausgew\u00e4hlten Seiten ggf. nicht angezeigt.<\/p>\n<p>Grunds\u00e4tzlich ist es auch m\u00f6glich spezielle statische Werbung nur auf einzelnen Seiten anzuzeigen.<\/p><div class=\"mymul-middle-content\" style=\"text-align: center;\" id=\"mymul-901882414\"><div class=\"mymul-adlabel\">Werbung<\/div><a href=\"http:\/\/linksnappy.com\/?ref=294765\" target=\"_blank\"><img decoding=\"async\" src=\"https:\/\/mymultihoster.org\/wp-content\/uploads\/2020\/05\/linksnappy_01.png\" border=\"0\" alt=\"Linksnappy.com\"\/><\/a><\/div>\n<h3>Ad-Free<\/h3>\n<p>Des Weiteren bieten wir auch die M\u00f6glichkeit, Werbung auf bestimmten Seiten zu entfernen (z.B. Werbung auf eigenen Review-Seiten entfernen).<\/p>\n<h2>Interesse?<\/h2>\n<p>Super! Schreiben Sie uns einfach eine E-Mail an sales@mymultihoster.com.","protected":false},"excerpt":{"rendered":"<div class=\"mh-excerpt\"><p>Leider k\u00f6nnen wir auch unsere Seite nicht komplett kostenlos anbieten und m\u00fcssen Werbung schalten. Wir haben uns dabei jedoch explizit entschieden keine Google Ads, o.\u00e4. <a class=\"mh-excerpt-more\" href=\"https:\/\/mymultihoster.org\/de\/advertisements\/\" title=\"Werbung\">[&#8230;]<\/a><\/p>\n<\/div>","protected":false},"author":1,"featured_media":0,"parent":0,"menu_order":0,"comment_status":"closed","ping_status":"closed","template":"","meta":{"footnotes":""},"class_list":["post-20","page","type-page","status-publish","hentry"],"wppr_data":{"cwp_meta_box_check":"No"},"yoast_head":"<!-- This site is optimized with the Yoast SEO plugin v25.8 - https:\/\/yoast.com\/wordpress\/plugins\/seo\/ -->\n<title>Werbung - MyMultiHoster.org<\/title>\n<meta name=\"robots\" content=\"index, follow, max-snippet:-1, max-image-preview:large, max-video-preview:-1\" \/>\n<link rel=\"canonical\" href=\"https:\/\/mymultihoster.org\/de\/advertisements\/\" \/>\n<meta property=\"og:locale\" content=\"de_DE\" \/>\n<meta property=\"og:type\" content=\"article\" \/>\n<meta property=\"og:title\" content=\"Werbung - MyMultiHoster.org\" \/>\n<meta property=\"og:description\" content=\"Leider k\u00f6nnen wir auch unsere Seite nicht komplett kostenlos anbieten und m\u00fcssen Werbung schalten. Wir haben uns dabei jedoch explizit entschieden keine Google Ads, o.\u00e4. [...]\" \/>\n<meta property=\"og:url\" content=\"https:\/\/mymultihoster.org\/de\/advertisements\/\" \/>\n<meta property=\"og:site_name\" content=\"MyMultiHoster.org\" \/>\n<meta property=\"article:modified_time\" content=\"2019-07-01T12:34:26+00:00\" \/>\n<meta name=\"twitter:card\" content=\"summary_large_image\" \/>\n<meta name=\"twitter:label1\" content=\"Gesch\u00e4tzte Lesezeit\" \/>\n\t<meta name=\"twitter:data1\" content=\"2\u00a0Minuten\" \/>\n<script type=\"application\/ld+json\" class=\"yoast-schema-graph\">{\"@context\":\"https:\/\/schema.org\",\"@graph\":[{\"@type\":\"WebPage\",\"@id\":\"https:\/\/mymultihoster.org\/de\/advertisements\/\",\"url\":\"https:\/\/mymultihoster.org\/de\/advertisements\/\",\"name\":\"Werbung - MyMultiHoster.org\",\"isPartOf\":{\"@id\":\"https:\/\/mymultihoster.org\/de\/#website\"},\"datePublished\":\"2018-06-28T10:32:02+00:00\",\"dateModified\":\"2019-07-01T12:34:26+00:00\",\"breadcrumb\":{\"@id\":\"https:\/\/mymultihoster.org\/de\/advertisements\/#breadcrumb\"},\"inLanguage\":\"de\",\"potentialAction\":[{\"@type\":\"ReadAction\",\"target\":[[\"https:\/\/mymultihoster.org\/de\/advertisements\/\"]]}]},{\"@type\":\"BreadcrumbList\",\"@id\":\"https:\/\/mymultihoster.org\/de\/advertisements\/#breadcrumb\",\"itemListElement\":[{\"@type\":\"ListItem\",\"position\":1,\"name\":\"Home\",\"item\":\"https:\/\/mymultihoster.org\/de\/\"},{\"@type\":\"ListItem\",\"position\":2,\"name\":\"Advertisements\"}]},{\"@type\":\"WebSite\",\"@id\":\"https:\/\/mymultihoster.org\/de\/#website\",\"url\":\"https:\/\/mymultihoster.org\/de\/\",\"name\":\"MyMultiHoster.org\",\"description\":\"Dein Vergleichsportal f\u00fcr Multihoster\",\"potentialAction\":[{\"@type\":\"SearchAction\",\"target\":{\"@type\":\"EntryPoint\",\"urlTemplate\":\"https:\/\/mymultihoster.org\/de\/?s={search_term_string}\"},\"query-input\":{\"@type\":\"PropertyValueSpecification\",\"valueRequired\":true,\"valueName\":\"search_term_string\"}}],\"inLanguage\":\"de\"}]}<\/script>\n<!-- \/ Yoast SEO plugin. -->","yoast_head_json":{"title":"Werbung - MyMultiHoster.org","robots":{"index":"index","follow":"follow","max-snippet":"max-snippet:-1","max-image-preview":"max-image-preview:large","max-video-preview":"max-video-preview:-1"},"canonical":"https:\/\/mymultihoster.org\/de\/advertisements\/","og_locale":"de_DE","og_type":"article","og_title":"Werbung - MyMultiHoster.org","og_description":"Leider k\u00f6nnen wir auch unsere Seite nicht komplett kostenlos anbieten und m\u00fcssen Werbung schalten. Wir haben uns dabei jedoch explizit entschieden keine Google Ads, o.\u00e4. [...]","og_url":"https:\/\/mymultihoster.org\/de\/advertisements\/","og_site_name":"MyMultiHoster.org","article_modified_time":"2019-07-01T12:34:26+00:00","twitter_card":"summary_large_image","twitter_misc":{"Gesch\u00e4tzte Lesezeit":"2\u00a0Minuten"},"schema":{"@context":"https:\/\/schema.org","@graph":[{"@type":"WebPage","@id":"https:\/\/mymultihoster.org\/de\/advertisements\/","url":"https:\/\/mymultihoster.org\/de\/advertisements\/","name":"Werbung - MyMultiHoster.org","isPartOf":{"@id":"https:\/\/mymultihoster.org\/de\/#website"},"datePublished":"2018-06-28T10:32:02+00:00","dateModified":"2019-07-01T12:34:26+00:00","breadcrumb":{"@id":"https:\/\/mymultihoster.org\/de\/advertisements\/#breadcrumb"},"inLanguage":"de","potentialAction":[{"@type":"ReadAction","target":[["https:\/\/mymultihoster.org\/de\/advertisements\/"]]}]},{"@type":"BreadcrumbList","@id":"https:\/\/mymultihoster.org\/de\/advertisements\/#breadcrumb","itemListElement":[{"@type":"ListItem","position":1,"name":"Home","item":"https:\/\/mymultihoster.org\/de\/"},{"@type":"ListItem","position":2,"name":"Advertisements"}]},{"@type":"WebSite","@id":"https:\/\/mymultihoster.org\/de\/#website","url":"https:\/\/mymultihoster.org\/de\/","name":"MyMultiHoster.org","description":"Dein Vergleichsportal f\u00fcr Multihoster","potentialAction":[{"@type":"SearchAction","target":{"@type":"EntryPoint","urlTemplate":"https:\/\/mymultihoster.org\/de\/?s={search_term_string}"},"query-input":{"@type":"PropertyValueSpecification","valueRequired":true,"valueName":"search_term_string"}}],"inLanguage":"de"}]}},"_links":{"self":[{"href":"https:\/\/mymultihoster.org\/de\/wp-json\/wp\/v2\/pages\/20","targetHints":{"allow":["GET"]}}],"collection":[{"href":"https:\/\/mymultihoster.org\/de\/wp-json\/wp\/v2\/pages"}],"about":[{"href":"https:\/\/mymultihoster.org\/de\/wp-json\/wp\/v2\/types\/page"}],"author":[{"embeddable":true,"href":"https:\/\/mymultihoster.org\/de\/wp-json\/wp\/v2\/users\/1"}],"replies":[{"embeddable":true,"href":"https:\/\/mymultihoster.org\/de\/wp-json\/wp\/v2\/comments?post=20"}],"version-history":[{"count":3,"href":"https:\/\/mymultihoster.org\/de\/wp-json\/wp\/v2\/pages\/20\/revisions"}],"predecessor-version":[{"id":373,"href":"https:\/\/mymultihoster.org\/de\/wp-json\/wp\/v2\/pages\/20\/revisions\/373"}],"wp:attachment":[{"href":"https:\/\/mymultihoster.org\/de\/wp-json\/wp\/v2\/media?parent=20"}],"curies":[{"name":"wp","href":"https:\/\/api.w.org\/{rel}","templated":true}]}}